{"id":122,"date":"2025-05-23T01:30:43","date_gmt":"2025-05-23T01:30:43","guid":{"rendered":"http:\/\/kfac.fr\/?page_id=122"},"modified":"2026-03-18T00:52:05","modified_gmt":"2026-03-18T00:52:05","slug":"kfac","status":"publish","type":"page","link":"https:\/\/kfac.fr\/ko\/kfac\/","title":{"rendered":"KFAC"},"content":{"rendered":"<p>[et_pb_section fb_built=\u00a0\u00bb1&Prime; admin_label=\u00a0\u00bbAbout\u00a0\u00bb _builder_version=\u00a0\u00bb4.27.4&Prime; _module_preset=\u00a0\u00bbdefault\u00a0\u00bb background_color=\u00a0\u00bb#c60c30&Prime; background_image=\u00a0\u00bbhttp:\/\/kfac.fr\/wp-content\/uploads\/2025\/05\/logo-kfac-1500-black.png\u00a0\u00bb background_size=\u00a0\u00bbcontain\u00a0\u00bb background_blend=\u00a0\u00bbsoft-light\u00a0\u00bb custom_padding=\u00a0\u00bb2vw||2vw||true|false\u00a0\u00bb collapsed=\u00a0\u00bbon\u00a0\u00bb global_colors_info=\u00a0\u00bb{}\u00a0\u00bb][et_pb_row _builder_version=\u00a0\u00bb4.27.4&Prime; _module_preset=\u00a0\u00bbdefault\u00a0\u00bb animation_style=\u00a0\u00bbfade\u00a0\u00bb global_colors_info=\u00a0\u00bb{}\u00a0\u00bb][et_pb_column type=\u00a0\u00bb4_4&Prime; _builder_version=\u00a0\u00bb4.24.1&Prime; _module_preset=\u00a0\u00bbdefault\u00a0\u00bb global_colors_info=\u00a0\u00bb{}\u00a0\u00bb][et_pb_text _builder_version=\u00a0\u00bb4.27.4&Prime; _module_preset=\u00a0\u00bb3342aa0e-8878-4ddf-8998-a980078b3d7d\u00a0\u00bb text_text_color=\u00a0\u00bb#FFFFFF\u00a0\u00bb text_font_size=\u00a0\u00bb28px\u00a0\u00bb header_2_font=\u00a0\u00bb||on||||||\u00a0\u00bb header_2_text_color=\u00a0\u00bb#cecece\u00a0\u00bb header_2_font_size=\u00a0\u00bb25px\u00a0\u00bb animation_style=\u00a0\u00bbfade\u00a0\u00bb global_colors_info=\u00a0\u00bb{}\u00a0\u00bb]<\/p>\n<h2>QU&rsquo;EST CE QUE KFAC ?<\/h2>\n<p>[\/et_pb_text][et_pb_text _builder_version=\u00a0\u00bb4.27.6&Prime; _module_preset=\u00a0\u00bbdf660a45-fa1a-4116-bcd7-eb754b4d84f3&Prime; text_text_color=\u00a0\u00bb#FFFFFF\u00a0\u00bb header_3_text_color=\u00a0\u00bb#FFFFFF\u00a0\u00bb header_3_font_size=\u00a0\u00bb25px\u00a0\u00bb animation_style=\u00a0\u00bbfade\u00a0\u00bb animation_delay=\u00a0\u00bb250ms\u00a0\u00bb hover_enabled=\u00a0\u00bb0&Prime; global_colors_info=\u00a0\u00bb{}\u00a0\u00bb sticky_enabled=\u00a0\u00bb0&Prime;]<\/p>\n<h3>Nous avons cl\u00f4tur\u00e9 notre festival Cor\u00e9e d&rsquo;ici apr\u00e8s dix ann\u00e9es d&rsquo;une aventure riche et passionn\u00e9e, pour laisser place en 2025 \u00e0 un nouveau chapitre : Korean French Art Connection.<\/h3>\n<p>&nbsp;<\/p>\n<h3>Notre mission reste inchang\u00e9e : faire d\u00e9couvrir la culture cor\u00e9enne et encourager les \u00e9changes franco-cor\u00e9ens, \u00e0 travers une programmation artistique qui s&rsquo;invente tout au long de l&rsquo;ann\u00e9e.<\/h3>\n<p>[\/et_pb_text][\/et_pb_column][\/et_pb_row][\/et_pb_section][et_pb_section fb_built=\u00a0\u00bb1&Prime; _builder_version=\u00a0\u00bb4.27.4&Prime; _module_preset=\u00a0\u00bbdefault\u00a0\u00bb global_colors_info=\u00a0\u00bb{}\u00a0\u00bb][et_pb_row column_structure=\u00a0\u00bb1_2,1_2&Prime; _builder_version=\u00a0\u00bb4.27.4&Prime; _module_preset=\u00a0\u00bbdefault\u00a0\u00bb max_width=\u00a0\u00bb1500px\u00a0\u00bb global_colors_info=\u00a0\u00bb{}\u00a0\u00bb][et_pb_column type=\u00a0\u00bb1_2&Prime; _builder_version=\u00a0\u00bb4.27.4&Prime; _module_preset=\u00a0\u00bbdefault\u00a0\u00bb global_colors_info=\u00a0\u00bb{}\u00a0\u00bb][et_pb_text _builder_version=\u00a0\u00bb4.27.6&Prime; _module_preset=\u00a0\u00bbdefault\u00a0\u00bb animation_style=\u00a0\u00bbslide\u00a0\u00bb animation_direction=\u00a0\u00bbleft\u00a0\u00bb global_colors_info=\u00a0\u00bb{}\u00a0\u00bb custom_padding=\u00a0\u00bb43px|||||\u00a0\u00bb]<\/p>\n<h2><em> Korean French Art Connection<\/em><\/h2>\n<p class=\"ds-markdown-paragraph\"><span>Lanc\u00e9 en Cor\u00e9e du Sud d\u00e8s 2022, KFAC a d\u00e9j\u00e0 permis \u00e0 pr\u00e8s de <\/span><strong><span>11 artistes montpelli\u00e9rains<\/span><\/strong><span> (danseurs et musiciens) de se produire lors de festivals et de collaborer avec des artistes cor\u00e9ens de premier plan.<\/span><\/p>\n<p class=\"ds-markdown-paragraph\"><strong><span>Tout au long de l&rsquo;ann\u00e9e, KFAC propose :<\/span><\/strong><\/p>\n<ul>\n<li>\n<p class=\"ds-markdown-paragraph\"><span>Des <\/span><strong><span>r\u00e9sidences crois\u00e9es<\/span><\/strong><span> et des <\/span><strong><span>spectacles collaboratifs<\/span><\/strong><span> r\u00e9unissant artistes cor\u00e9ens et fran\u00e7ais (Montpellier et r\u00e9gion Occitanie)<\/span><\/p>\n<\/li>\n<li>\n<p class=\"ds-markdown-paragraph\"><span>Des <\/span><strong><span>workshops<\/span><\/strong><span> anim\u00e9s par des professionnels cor\u00e9ens de la danse, destin\u00e9s aux jeunes attir\u00e9s par la K-Pop et le hip-hop<\/span><\/p>\n<\/li>\n<li>\n<p class=\"ds-markdown-paragraph\"><span>Un <\/span><strong><span>concours de K-Pop<\/span><\/strong><span>, organis\u00e9 autour d&rsquo;un festival en partenariat avec le Minist\u00e8re de la culture cor\u00e9en<\/span><\/p>\n<\/li>\n<li>\n<p class=\"ds-markdown-paragraph\"><span>Des <\/span><strong><span>ateliers cr\u00e9atifs<\/span><\/strong><span> et des <\/span><strong><span>actions scolaires<\/span><\/strong><\/p>\n<\/li>\n<li>\n<p class=\"ds-markdown-paragraph\"><span>La consolidation et le d\u00e9veloppement de notre <\/span><strong><span>festival de cin\u00e9ma cor\u00e9en<\/span><\/strong><span>, pour faire d\u00e9couvrir des p\u00e9pites encore trop m\u00e9connues du grand public<\/span><\/p>\n<\/li>\n<li>\n<p class=\"ds-markdown-paragraph\"><span>Une programmation renforc\u00e9e de <\/span><strong><span>concerts de musique du monde cor\u00e9enne<\/span><\/strong><span>, int\u00e9gr\u00e9e aux saisons de lieux partenaires en Occitanie<\/span><\/p>\n<\/li>\n<\/ul>\n<p class=\"ds-markdown-paragraph\"><span>Alors que nous c\u00e9l\u00e9brons en 2026 le <\/span><strong><span>140e anniversaire des relations diplomatiques entre la France et la Cor\u00e9e<\/span><\/strong><span>, nous poursuivons \u00e9galement notre travail de fond pour d\u00e9velopper les liens de jumelage et de coop\u00e9ration entre <\/span><strong><span>Montpellier et les villes cor\u00e9ennes<\/span><\/strong><span> (notamment Changwon et Naju).<\/span><\/p>\n<p class=\"ds-markdown-paragraph\"><strong><span>Une saison, des passerelles, des rencontres.<\/span><\/strong><\/p>\n<p>&nbsp;<\/p>\n<p>[\/et_pb_text][\/et_pb_column][et_pb_column type=\u00a0\u00bb1_2&Prime; _builder_version=\u00a0\u00bb4.27.4&Prime; _module_preset=\u00a0\u00bbdefault\u00a0\u00bb global_colors_info=\u00a0\u00bb{}\u00a0\u00bb][et_pb_image src=\u00a0\u00bbhttps:\/\/kfac.fr\/wp-content\/uploads\/2025\/06\/kfacduo.jpg\u00a0\u00bb alt=\u00a0\u00bbKFAC\u00a0\u00bb title_text=\u00a0\u00bbkfacduo\u00a0\u00bb _builder_version=\u00a0\u00bb4.27.4&Prime; _module_preset=\u00a0\u00bbdefault\u00a0\u00bb module_alignment=\u00a0\u00bbcenter\u00a0\u00bb max_height=\u00a0\u00bb60vh\u00a0\u00bb global_colors_info=\u00a0\u00bb{}\u00a0\u00bb][\/et_pb_image][\/et_pb_column][\/et_pb_row][\/et_pb_section][et_pb_section fb_built=\u00a0\u00bb1&Prime; _builder_version=\u00a0\u00bb4.27.4&Prime; _module_preset=\u00a0\u00bbdefault\u00a0\u00bb global_colors_info=\u00a0\u00bb{}\u00a0\u00bb][et_pb_row _builder_version=\u00a0\u00bb4.27.4&Prime; _module_preset=\u00a0\u00bbdefault\u00a0\u00bb max_width=\u00a0\u00bb1500px\u00a0\u00bb global_colors_info=\u00a0\u00bb{}\u00a0\u00bb][et_pb_column type=\u00a0\u00bb4_4&Prime; _builder_version=\u00a0\u00bb4.27.4&Prime; _module_preset=\u00a0\u00bbdefault\u00a0\u00bb global_colors_info=\u00a0\u00bb{}\u00a0\u00bb][et_pb_image src=\u00a0\u00bbhttps:\/\/kfac.fr\/wp-content\/uploads\/2025\/06\/logo-service-civique-300.jpg\u00a0\u00bb alt=\u00a0\u00bbKFAC re\u00e7oit le soutien du dispositif Service Civique.\u00a0\u00bb title_text=\u00a0\u00bblogo-service-civique-300&Prime; align=\u00a0\u00bbcenter\u00a0\u00bb _builder_version=\u00a0\u00bb4.27.4&Prime; _module_preset=\u00a0\u00bbdefault\u00a0\u00bb module_alignment=\u00a0\u00bbcenter\u00a0\u00bb max_height=\u00a0\u00bb60vh\u00a0\u00bb global_colors_info=\u00a0\u00bb{}\u00a0\u00bb][\/et_pb_image][et_pb_text _builder_version=\u00a0\u00bb4.27.4&Prime; _module_preset=\u00a0\u00bbdefault\u00a0\u00bb animation_style=\u00a0\u00bbslide\u00a0\u00bb animation_direction=\u00a0\u00bbleft\u00a0\u00bb global_colors_info=\u00a0\u00bb{}\u00a0\u00bb]<\/p>\n<p style=\"text-align: center;\">KFAC re\u00e7oit le soutien du dispositif Service Civique.<\/p>\n<p>[\/et_pb_text][\/et_pb_column][\/et_pb_row][\/et_pb_section][et_pb_section fb_built=\u00a0\u00bb1&Prime; admin_label=\u00a0\u00bbFooter\u00a0\u00bb _builder_version=\u00a0\u00bb4.27.4&Prime; _module_preset=\u00a0\u00bbdefault\u00a0\u00bb background_color=\u00a0\u00bb#000000&Prime; custom_padding=\u00a0\u00bb0px||0px||false|false\u00a0\u00bb saved_tabs=\u00a0\u00bball\u00a0\u00bb locked=\u00a0\u00bboff\u00a0\u00bb collapsed=\u00a0\u00bbon\u00a0\u00bb global_colors_info=\u00a0\u00bb{}\u00a0\u00bb][et_pb_row column_structure=\u00a0\u00bb1_3,1_3,1_3&Prime; _builder_version=\u00a0\u00bb4.24.2&Prime; _module_preset=\u00a0\u00bbdefault\u00a0\u00bb width=\u00a0\u00bb90%\u00a0\u00bb max_width=\u00a0\u00bbnone\u00a0\u00bb global_colors_info=\u00a0\u00bb{}\u00a0\u00bb][et_pb_column type=\u00a0\u00bb1_3&Prime; _builder_version=\u00a0\u00bb4.24.1&Prime; _module_preset=\u00a0\u00bbdefault\u00a0\u00bb global_colors_info=\u00a0\u00bb{}\u00a0\u00bb][\/et_pb_column][et_pb_column type=\u00a0\u00bb1_3&Prime; _builder_version=\u00a0\u00bb4.24.1&Prime; _module_preset=\u00a0\u00bbdefault\u00a0\u00bb global_colors_info=\u00a0\u00bb{}\u00a0\u00bb][et_pb_image src=\u00a0\u00bbhttp:\/\/kfac.fr\/wp-content\/uploads\/2025\/05\/logo-kfac-h70-white.png\u00a0\u00bb alt=\u00a0\u00bbKorean French Art Connexion\u00a0\u00bb title_text=\u00a0\u00bblogo-kfac-h70-white\u00a0\u00bb align=\u00a0\u00bbcenter\u00a0\u00bb _builder_version=\u00a0\u00bb4.27.4&Prime; _module_preset=\u00a0\u00bbdefault\u00a0\u00bb global_colors_info=\u00a0\u00bb{}\u00a0\u00bb][\/et_pb_image][\/et_pb_column][et_pb_column type=\u00a0\u00bb1_3&Prime; _builder_version=\u00a0\u00bb4.24.1&Prime; _module_preset=\u00a0\u00bbdefault\u00a0\u00bb global_colors_info=\u00a0\u00bb{}\u00a0\u00bb][et_pb_social_media_follow _builder_version=\u00a0\u00bb4.27.4&Prime; _module_preset=\u00a0\u00bbdefault\u00a0\u00bb text_orientation=\u00a0\u00bbright\u00a0\u00bb text_orientation_tablet=\u00a0\u00bbcenter\u00a0\u00bb text_orientation_phone=\u00a0\u00bbcenter\u00a0\u00bb text_orientation_last_edited=\u00a0\u00bbon|tablet\u00a0\u00bb global_colors_info=\u00a0\u00bb{}\u00a0\u00bb][et_pb_social_media_follow_network social_network=\u00a0\u00bbfacebook\u00a0\u00bb url=\u00a0\u00bbhttps:\/\/www.facebook.com\/festivalcoreedici\u00a0\u00bb _builder_version=\u00a0\u00bb4.27.4&Prime; _module_preset=\u00a0\u00bbdefault\u00a0\u00bb global_colors_info=\u00a0\u00bb{}\u00a0\u00bb follow_button=\u00a0\u00bboff\u00a0\u00bb url_new_window=\u00a0\u00bbon\u00a0\u00bb]facebook[\/et_pb_social_media_follow_network][et_pb_social_media_follow_network social_network=\u00a0\u00bbinstagram\u00a0\u00bb url=\u00a0\u00bbhttps:\/\/www.instagram.com\/association_coreegraphie\/\u00a0\u00bb _builder_version=\u00a0\u00bb4.27.4&Prime; _module_preset=\u00a0\u00bbdefault\u00a0\u00bb global_colors_info=\u00a0\u00bb{}\u00a0\u00bb follow_button=\u00a0\u00bboff\u00a0\u00bb url_new_window=\u00a0\u00bbon\u00a0\u00bb]instagram[\/et_pb_social_media_follow_network][et_pb_social_media_follow_network social_network=\u00a0\u00bbtiktok\u00a0\u00bb url=\u00a0\u00bbhttps:\/\/www.tiktok.com\/@coreegraphie\u00a0\u00bb _builder_version=\u00a0\u00bb4.27.4&Prime; _module_preset=\u00a0\u00bbdefault\u00a0\u00bb background_color=\u00a0\u00bbRGBA(255,255,255,0)\u00a0\u00bb background_enable_color=\u00a0\u00bbon\u00a0\u00bb global_colors_info=\u00a0\u00bb{}\u00a0\u00bb follow_button=\u00a0\u00bboff\u00a0\u00bb url_new_window=\u00a0\u00bbon\u00a0\u00bb]tiktok[\/et_pb_social_media_follow_network][et_pb_social_media_follow_network social_network=\u00a0\u00bbyoutube\u00a0\u00bb url=\u00a0\u00bbhttps:\/\/www.youtube.com\/channel\/UCqpPGDrDt0USoG3pQdcu7PQ\/videos\u00a0\u00bb _builder_version=\u00a0\u00bb4.27.4&Prime; _module_preset=\u00a0\u00bbdefault\u00a0\u00bb background_color=\u00a0\u00bbRGBA(255,255,255,0)\u00a0\u00bb background_enable_color=\u00a0\u00bbon\u00a0\u00bb global_colors_info=\u00a0\u00bb{}\u00a0\u00bb follow_button=\u00a0\u00bboff\u00a0\u00bb url_new_window=\u00a0\u00bbon\u00a0\u00bb]youtube[\/et_pb_social_media_follow_network][\/et_pb_social_media_follow][\/et_pb_column][\/et_pb_row][\/et_pb_section]<\/p>\n","protected":false},"excerpt":{"rendered":"<p>QU&rsquo;EST CE QUE KFAC ?Nous avons cl\u00f4tur\u00e9 notre festival Cor\u00e9e d&rsquo;ici apr\u00e8s dix ann\u00e9es d&rsquo;une aventure riche et passionn\u00e9e, pour laisser place en 2025 \u00e0 un nouveau chapitre : Korean French Art Connection. &nbsp; Notre mission reste inchang\u00e9e : faire d\u00e9couvrir la culture cor\u00e9enne et encourager les \u00e9changes franco-cor\u00e9ens, \u00e0 travers une programmation artistique qui [&hellip;]<\/p>\n","protected":false},"author":1,"featured_media":0,"parent":0,"menu_order":0,"comment_status":"closed","ping_status":"closed","template":"","meta":{"_et_pb_use_builder":"on","_et_pb_old_content":"","_et_gb_content_width":"","footnotes":""},"class_list":["post-122","page","type-page","status-publish","hentry"],"_links":{"self":[{"href":"https:\/\/kfac.fr\/ko\/wp-json\/wp\/v2\/pages\/122","targetHints":{"allow":["GET"]}}],"collection":[{"href":"https:\/\/kfac.fr\/ko\/wp-json\/wp\/v2\/pages"}],"about":[{"href":"https:\/\/kfac.fr\/ko\/wp-json\/wp\/v2\/types\/page"}],"author":[{"embeddable":true,"href":"https:\/\/kfac.fr\/ko\/wp-json\/wp\/v2\/users\/1"}],"replies":[{"embeddable":true,"href":"https:\/\/kfac.fr\/ko\/wp-json\/wp\/v2\/comments?post=122"}],"version-history":[{"count":24,"href":"https:\/\/kfac.fr\/ko\/wp-json\/wp\/v2\/pages\/122\/revisions"}],"predecessor-version":[{"id":1059,"href":"https:\/\/kfac.fr\/ko\/wp-json\/wp\/v2\/pages\/122\/revisions\/1059"}],"wp:attachment":[{"href":"https:\/\/kfac.fr\/ko\/wp-json\/wp\/v2\/media?parent=122"}],"curies":[{"name":"wp","href":"https:\/\/api.w.org\/{rel}","templated":true}]}}